{"id":11530,"date":"2021-02-23T09:53:22","date_gmt":"2021-02-23T09:53:22","guid":{"rendered":"https:\/\/qticket.com\/about-us\/"},"modified":"2024-08-27T08:38:05","modified_gmt":"2024-08-27T07:38:05","slug":"apie-mus","status":"publish","type":"page","link":"https:\/\/www.qticket.lt\/lt\/apie-mus\/","title":{"rendered":"Apie mus"},"content":{"rendered":"<p>[vc_row full_width=\u201cstretch_row_content\u201c full_height=\u201cyes\u201c css=\u201c.vc_custom_1614160276285{padding-top: 200px !important;padding-bottom: 50px !important;background-color: #00b3ff !important;}\u201c][vc_column width=\u201c1\/6&#8243; offset=\u201cvc_hidden-xs\u201c][\/vc_column][vc_column width=\u201c4\/6&#8243;]<header class=\"kd-section-title col-lg-12 text-center     vc_custom_1723626517745\" ><h2 class=\"separator_off\" style=\"color: #ffffff;\">Efektyvi \u017emones prie paslaug\u0173 ir paslaugas prie \u017emoni\u0173 jungianti s\u0105saja<\/h2><\/header>[\/vc_column][vc_column width=\u201c1\/6&#8243; offset=\u201cvc_hidden-xs\u201c][\/vc_column][\/vc_row][vc_row full_width=\u201cstretch_row_content_no_spaces\u201c css=\u201c.vc_custom_1539594909573{background-color: #f5f5f5 !important;}\u201c][vc_column width=\u201c1\/2&#8243; css=\u201c.vc_custom_1522315111993{padding-top: 0px !important;}\u201c offset=\u201cvc_col-lg-6 vc_col-md-12&#8243;][vc_row_inner css=\u201c.vc_custom_1620381068708{padding-top: 200px !important;padding-bottom: 200px !important;background-image: url(https:\/\/qticket.com\/wp-content\/uploads\/2021\/05\/people_line_1-1.png?id=10687) !important;background-position: center !important;background-repeat: no-repeat !important;background-size: cover !important;}\u201c][vc_column_inner css=\u201c.vc_custom_1511789291663{padding-top: 0px !important;padding-bottom: 0px !important;}\u201c][vc_empty_space height=\u201c200px\u201c][\/vc_column_inner][\/vc_row_inner][\/vc_column][vc_column width=\u201c1\/2&#8243; offset=\u201cvc_col-lg-6 vc_col-md-12&#8243;][vc_row_inner css=\u201c.vc_custom_1539595123771{padding-top: 150px !important;}\u201c][vc_column_inner width=\u201c1\/4&#8243; offset=\u201cvc_hidden-xs\u201c][\/vc_column_inner][vc_column_inner width=\u201c1\/2&#8243; css=\u201c.vc_custom_1522315135741{padding-bottom: 50px !important;}\u201c]<header class=\"kd-section-title col-lg-12 text-center solid-line sep-border-width-3 80%    vc_custom_1723626544704\" ><h2 class=\"separator_on\" >Proces\u0173 supaprastinimas<\/h2><div class=\"kd-separator below_title\" style=\"width:80%;\"><div class=\"kd-separator-line\" ><\/div><\/div><h6 class=\"subtitle \" >I\u0161 pa\u017ei\u016bros paprasti procesai gali pasirodyti pernelyg sud\u0117tingi. I\u0161tekliai netur\u0117t\u0173 b\u016bti \u0161vaistomi tam, kuo galima lengvai pasir\u016bpinti pasitelkus technologijas ir taip i\u0161vengti nepatogum\u0173, sukeliam\u0173 klientams, \u012fmon\u0117ms bei vie\u0161osioms institucijoms.<\/h6><\/header>[\/vc_column_inner][vc_column_inner width=\u201c1\/4&#8243;][\/vc_column_inner][\/vc_row_inner][\/vc_column][\/vc_row][vc_row full_width=\u201cstretch_row_content_no_spaces\u201c css=\u201c.vc_custom_1620384248787{background-color: #f5f5f5 !important;}\u201c][vc_column width=\u201c1\/2&#8243; offset=\u201cvc_col-lg-6 vc_col-md-12&#8243;][vc_row_inner css=\u201c.vc_custom_1539595317116{padding-top: 150px !important;}\u201c][vc_column_inner width=\u201c1\/4&#8243; offset=\u201cvc_hidden-xs\u201c][\/vc_column_inner][vc_column_inner width=\u201c1\/2&#8243; css=\u201c.vc_custom_1522315555118{padding-bottom: 50px !important;}\u201c]<header class=\"kd-section-title col-lg-12 text-center solid-line sep-border-width-3 80%    vc_custom_1723626561641\" ><h2 class=\"separator_on\" >Viskas d\u0117l naudotoj\u0173<\/h2><div class=\"kd-separator below_title\" style=\"width:80%;\"><div class=\"kd-separator-line\" ><\/div><\/div><h6 class=\"subtitle \" >\u201eQticket\u201c tiki, kad technologijos skirtos naudotojams. M\u016bs\u0173 programin\u0117 \u012franga sukurta taip, kad paslaugos b\u016bt\u0173 teikiamos skland\u017eiau nei bet kada anks\u010diau, o skaitmenin\u0117 patirtis vykt\u0173 be trik\u010di\u0173.<\/h6><\/header>[\/vc_column_inner][vc_column_inner width=\u201c1\/4&#8243; offset=\u201cvc_hidden-xs\u201c][\/vc_column_inner][\/vc_row_inner][\/vc_column][vc_column width=\u201c1\/2&#8243; css=\u201c.vc_custom_1522315574795{padding-top: 0px !important;}\u201c offset=\u201cvc_col-lg-6 vc_col-md-12&#8243;][vc_row_inner css=\u201c.vc_custom_1620381227807{padding-top: 200px !important;padding-bottom: 200px !important;background-image: url(https:\/\/qticket.com\/wp-content\/uploads\/2021\/05\/people_line_2-1.png?id=10690) !important;background-position: center !important;background-repeat: no-repeat !important;background-size: cover !important;}\u201c][vc_column_inner css=\u201c.vc_custom_1511789291663{padding-top: 0px !important;padding-bottom: 0px !important;}\u201c][vc_empty_space height=\u201c200px\u201c][\/vc_column_inner][\/vc_row_inner][\/vc_column][\/vc_row][vc_row full_width=\u201cstretch_row_content_no_spaces\u201c kd_bottom_separator_style=\u201ctriangle-left\u201c kd_bottom_separator_height=\u201cseparator-height-small\u201c kd_bottom_separator=\u201ctrue\u201c css=\u201c.vc_custom_1620384632435{padding-bottom: 100px !important;background-color: #f7f4fa !important;}\u201c][vc_column][vc_row_inner css=\u201c.vc_custom_1539595317116{padding-top: 150px !important;}\u201c][vc_column_inner]<header class=\"kd-section-title vc_col-lg-6 vc_col-sm-8 text-center     vc_custom_1723626604593\" ><h2 class=\"separator_off\" >M\u016bs\u0173 komanda<\/h2><h6 class=\"subtitle \" >M\u016bs\u0173 k\u016br\u0117j\u0173 komanda turi patirties, dirbdama su klientais i\u0161 18 \u0161ali\u0173 ir \u012fgyvendindama projektus \u201eVodafone\u201c, Jungtin\u0117ms Tautoms, \u201eSantander Bank\u201c, \u201eJaguar Land Rover\u201c, \u201eFC Barcelona\u201c ir daugeliui kit\u0173. Esame sistem\u0173 integracijos ir mobili\u0173j\u0173 sistem\u0173 k\u016brimo pagal auk\u0161\u010diausius kibernetinio saugumo standartus ekspertai<\/h6><\/header>[\/vc_column_inner][\/vc_row_inner][\/vc_column][\/vc_row][vc_row full_width=\u201cstretch_row\u201c content_placement=\u201cmiddle\u201c css=\u201c.vc_custom_1614876082768{padding-bottom: 50px !important;}\u201c][vc_column]<header class=\"kd-section-title col-lg-12 text-right     vc_custom_1723626626961\" ><h2 class=\"separator_off\" >Esame geroje draugijoje<\/h2><h6 class=\"subtitle \" >Labai vertiname savo bendramin\u010dius draugus:<\/h6><\/header>[vc_row_inner][vc_column_inner width=\u201c1\/4&#8243; css=\u201c.vc_custom_1614874780234{padding-top: 10px !important;padding-bottom: 10px !important;}\u201c offset=\u201cvc_col-xs-12&#8243;][vc_single_image image=\u201c11411&#8243; alignment=\u201ccenter\u201c onclick=\u201ccustom_link\u201c img_link_target=\u201c_blank\u201c css_animation=\u201cnone\u201c link=\u201chttps:\/\/www.chamber.lv\/\u201c][\/vc_column_inner][vc_column_inner width=\u201c1\/4&#8243; css=\u201c.vc_custom_1614874791982{padding-top: 10px !important;padding-bottom: 10px !important;}\u201c offset=\u201cvc_col-xs-12&#8243;][vc_single_image image=\u201c11410&#8243; alignment=\u201ccenter\u201c onclick=\u201ccustom_link\u201c img_link_target=\u201c_blank\u201c link=\u201chttps:\/\/inkubatori.magneticlatvia.lv\/\u201c][\/vc_column_inner][vc_column_inner width=\u201c1\/4&#8243; css=\u201c.vc_custom_1614874804885{padding-top: 10px !important;padding-bottom: 10px !important;}\u201c offset=\u201cvc_col-xs-12&#8243;][vc_single_image image=\u201c11409&#8243; alignment=\u201ccenter\u201c onclick=\u201ccustom_link\u201c img_link_target=\u201c_blank\u201c link=\u201chttps:\/\/www.itbaltic.com\/\u201c][\/vc_column_inner][vc_column_inner width=\u201c1\/4&#8243; css=\u201c.vc_custom_1614874819219{padding-top: 10px !important;padding-bottom: 10px !important;}\u201c][vc_single_image image=\u201c11408&#8243; alignment=\u201ccenter\u201c onclick=\u201ccustom_link\u201c img_link_target=\u201c_blank\u201c link=\u201chttps:\/\/www.hansab.lv\/\u201c][\/vc_column_inner][\/vc_row_inner][\/vc_column][\/vc_row][vc_row full_width=\u201cstretch_row\u201c kd_top_separator_style=\u201ctriangle-right\u201c kd_top_separator_height=\u201cseparator-height-small\u201c kd_top_separator=\u201ctrue\u201c css=\u201c.vc_custom_1614876128533{padding-bottom: 50px !important;background-color: #f7f4fa !important;}\u201c][vc_column width=\u201c2\/3&#8243;]<header class=\"kd-section-title col-lg-12 text-left     vc_custom_1723626651124\" ><h2 class=\"separator_off\" >Pad\u0117kite mums tapti labiau matomiems<\/h2><h6 class=\"subtitle \" >Bet kuri technologija yra tik tiek gera, kiek ji sukuria vert\u0119 ja besinaudojantiems \u017emon\u0117ms. Palaikykite mus ir pateikite savo atsiliepimus:<\/h6><\/header>[\/vc_column][vc_column width=\u201c1\/3&#8243;][\/vc_column][vc_column][vc_row_inner][vc_column_inner width=\u201c1\/4&#8243; offset=\u201cvc_col-xs-12&#8243; css=\u201c.vc_custom_1620384948626{padding-top: 10px !important;padding-bottom: 10px !important;}\u201c][vc_single_image image=\u201c11404&#8243; alignment=\u201ccenter\u201c onclick=\u201ccustom_link\u201c img_link_target=\u201c_blank\u201c link=\u201chttps:\/\/apps.apple.com\/lv\/app\/qticket-app\/id1501727061&#8243;][\/vc_column_inner][vc_column_inner width=\u201c1\/4&#8243; css=\u201c.vc_custom_1614875035424{padding-top: 10px !important;padding-bottom: 10px !important;}\u201c offset=\u201cvc_col-xs-12&#8243;][vc_single_image image=\u201c11405&#8243; alignment=\u201ccenter\u201c onclick=\u201ccustom_link\u201c img_link_target=\u201c_blank\u201c css_animation=\u201cnone\u201c link=\u201chttps:\/\/play.google.com\/store\/apps\/details?id=app.qticket\u201c][\/vc_column_inner][vc_column_inner width=\u201c1\/4&#8243; css=\u201c.vc_custom_1614875048380{padding-top: 10px !important;padding-bottom: 10px !important;}\u201c offset=\u201cvc_col-xs-12&#8243;][vc_single_image image=\u201c11406&#8243; alignment=\u201ccenter\u201c onclick=\u201ccustom_link\u201c link=\u201chttps:\/\/www.capterra.com\/p\/215548\/Qticket\/\u201c][\/vc_column_inner][vc_column_inner width=\u201c1\/4&#8243; css=\u201c.vc_custom_1614875062956{padding-top: 10px !important;padding-bottom: 10px !important;}\u201c offset=\u201cvc_col-xs-12&#8243;][vc_single_image image=\u201c11407&#8243; alignment=\u201ccenter\u201c onclick=\u201ccustom_link\u201c img_link_target=\u201c_blank\u201c link=\u201chttps:\/\/www.g2.com\/products\/qticket\/reviews\u201c][\/vc_column_inner][\/vc_row_inner][\/vc_column][\/vc_row][vc_row full_width=\u201cstretch_row_content\u201c content_placement=\u201cmiddle\u201c disable_element=\u201cyes\u201c css=\u201c.vc_custom_1711114461925{padding-top: 50px !important;background-color: #00b3ff !important;}\u201c][vc_column]<header class=\"kd-section-title col-lg-8 vc_col-sm-8 text-center     vc_custom_1626100657087\" ><h2 class=\"separator_off\" style=\"color: #ffffff;\">Find out what we\u2019ve been up to<\/h2><\/header><a  href=\"https:\/\/qticket.com\/news\/\"  target=\"_self\"  title=\"News\" class=\"tt_button tt_secondary_button btn_secondary_color hover_outline_secondary button-center button-action-link\" ><span class=\"prim_text\">News<\/span><\/a>[vc_single_image image=\u201c10520&#8243; img_size=\u201c340X400&#8243; alignment=\u201ccenter\u201c css_animation=\u201cfadeInUp\u201c css=\u201c.vc_custom_1620384116902{padding-top: 40px !important;}\u201c][\/vc_column][\/vc_row]<\/p>\n","protected":false},"excerpt":{"rendered":"<p>[vc_row full_width=\u201cstretch_row_content\u201c full_height=\u201cyes\u201c css=\u201c.vc_custom_1614160276285{padding-top: 200px !important;padding-bottom: 50px !important;background-color: #00b3ff !important;}\u201c][vc_column width=\u201c1\/6&#8243; offset=\u201cvc_hidden-xs\u201c][\/vc_column][vc_column width=\u201c4\/6&#8243;][\/vc_column][vc_column width=\u201c1\/6&#8243; offset=\u201cvc_hidden-xs\u201c][\/vc_column][\/vc_row][vc_row full_width=\u201cstretch_row_content_no_spaces\u201c css=\u201c.vc_custom_1539594909573{background-color: #f5f5f5 !important;}\u201c][vc_column width=\u201c1\/2&#8243; [&hellip;]<\/p>\n","protected":false},"author":1,"featured_media":0,"parent":0,"menu_order":0,"comment_status":"closed","ping_status":"closed","template":"","meta":{"inline_featured_image":false},"yoast_head":"<!-- This site is optimized with the Yoast SEO plugin v15.5 - https:\/\/yoast.com\/wordpress\/plugins\/seo\/ -->\n<title>Apie mus - Qticket<\/title>\n<meta name=\"robots\" content=\"index, follow, max-snippet:-1, max-image-preview:large, max-video-preview:-1\" \/>\n<link rel=\"canonical\" href=\"https:\/\/www.qticket.lt\/lt\/apie-mus\/\" \/>\n<meta property=\"og:locale\" content=\"lt_LT\" \/>\n<meta property=\"og:type\" content=\"article\" \/>\n<meta property=\"og:title\" content=\"Apie mus - Qticket\" \/>\n<meta property=\"og:description\" content=\"[vc_row full_width=\u201cstretch_row_content\u201c full_height=\u201cyes\u201c css=\u201c.vc_custom_1614160276285{padding-top: 200px !important;padding-bottom: 50px !important;background-color: #00b3ff !important;}\u201c][vc_column width=\u201c1\/6&#8243; offset=\u201cvc_hidden-xs\u201c][\/vc_column][vc_column width=\u201c4\/6&#8243;][\/vc_column][vc_column width=\u201c1\/6&#8243; offset=\u201cvc_hidden-xs\u201c][\/vc_column][\/vc_row][vc_row full_width=\u201cstretch_row_content_no_spaces\u201c css=\u201c.vc_custom_1539594909573{background-color: #f5f5f5 !important;}\u201c][vc_column width=\u201c1\/2&#8243; [&hellip;]\" \/>\n<meta property=\"og:url\" content=\"https:\/\/www.qticket.lt\/lt\/apie-mus\/\" \/>\n<meta property=\"og:site_name\" content=\"Qticket\" \/>\n<meta property=\"article:publisher\" content=\"https:\/\/www.facebook.com\/qticketapp\/\" \/>\n<meta property=\"article:modified_time\" content=\"2024-08-27T07:38:05+00:00\" \/>\n<meta name=\"twitter:label1\" content=\"Est. reading time\">\n\t<meta name=\"twitter:data1\" content=\"5 minut\u0117s\">\n<script type=\"application\/ld+json\" class=\"yoast-schema-graph\">{\"@context\":\"https:\/\/schema.org\",\"@graph\":[{\"@type\":\"Organization\",\"@id\":\"https:\/\/www.qticket.lt\/lt\/#organization\",\"name\":\"Qticket\",\"url\":\"https:\/\/www.qticket.lt\/lt\/\",\"sameAs\":[\"https:\/\/www.facebook.com\/qticketapp\/\",\"https:\/\/www.linkedin.com\/company\/qticket\/\"],\"logo\":{\"@type\":\"ImageObject\",\"@id\":\"https:\/\/www.qticket.lt\/lt\/#logo\",\"inLanguage\":\"lt-LT\",\"url\":\"https:\/\/www.qticket.lt\/wp-content\/uploads\/2020\/04\/qticket.logo_.icon_-1.png\",\"width\":567,\"height\":567,\"caption\":\"Qticket\"},\"image\":{\"@id\":\"https:\/\/www.qticket.lt\/lt\/#logo\"}},{\"@type\":\"WebSite\",\"@id\":\"https:\/\/www.qticket.lt\/lt\/#website\",\"url\":\"https:\/\/www.qticket.lt\/lt\/\",\"name\":\"Qticket\",\"description\":\"Just another WordPress site\",\"publisher\":{\"@id\":\"https:\/\/www.qticket.lt\/lt\/#organization\"},\"potentialAction\":[{\"@type\":\"SearchAction\",\"target\":\"https:\/\/www.qticket.lt\/lt\/?s={search_term_string}\",\"query-input\":\"required name=search_term_string\"}],\"inLanguage\":\"lt-LT\"},{\"@type\":\"WebPage\",\"@id\":\"https:\/\/www.qticket.lt\/lt\/apie-mus\/#webpage\",\"url\":\"https:\/\/www.qticket.lt\/lt\/apie-mus\/\",\"name\":\"Apie mus - Qticket\",\"isPartOf\":{\"@id\":\"https:\/\/www.qticket.lt\/lt\/#website\"},\"datePublished\":\"2021-02-23T09:53:22+00:00\",\"dateModified\":\"2024-08-27T07:38:05+00:00\",\"inLanguage\":\"lt-LT\",\"potentialAction\":[{\"@type\":\"ReadAction\",\"target\":[\"https:\/\/www.qticket.lt\/lt\/apie-mus\/\"]}]}]}<\/script>\n<!-- \/ Yoast SEO plugin. -->","_links":{"self":[{"href":"https:\/\/www.qticket.lt\/lt\/wp-json\/wp\/v2\/pages\/11530"}],"collection":[{"href":"https:\/\/www.qticket.lt\/lt\/wp-json\/wp\/v2\/pages"}],"about":[{"href":"https:\/\/www.qticket.lt\/lt\/wp-json\/wp\/v2\/types\/page"}],"author":[{"embeddable":true,"href":"https:\/\/www.qticket.lt\/lt\/wp-json\/wp\/v2\/users\/1"}],"replies":[{"embeddable":true,"href":"https:\/\/www.qticket.lt\/lt\/wp-json\/wp\/v2\/comments?post=11530"}],"version-history":[{"count":8,"href":"https:\/\/www.qticket.lt\/lt\/wp-json\/wp\/v2\/pages\/11530\/revisions"}],"predecessor-version":[{"id":11626,"href":"https:\/\/www.qticket.lt\/lt\/wp-json\/wp\/v2\/pages\/11530\/revisions\/11626"}],"wp:attachment":[{"href":"https:\/\/www.qticket.lt\/lt\/wp-json\/wp\/v2\/media?parent=11530"}],"curies":[{"name":"wp","href":"https:\/\/api.w.org\/{rel}","templated":true}]}}