{"id":11674,"date":"2024-08-15T13:09:59","date_gmt":"2024-08-15T12:09:59","guid":{"rendered":"https:\/\/qticket.com\/?page_id=11674"},"modified":"2024-08-19T10:05:51","modified_gmt":"2024-08-19T09:05:51","slug":"salygos","status":"publish","type":"page","link":"https:\/\/www.qticket.lt\/lt\/salygos\/","title":{"rendered":"S\u0105lygos"},"content":{"rendered":"<p>[vc_row][vc_column][vc_column_text]Atsisi\u0173sdami arba naudodamiesi program\u0117le, automati\u0161kai sutinkate su \u0161iomis s\u0105lygomis \u2013 tod\u0117l tur\u0117tum\u0117te atid\u017eiai jas perskaityti prie\u0161 naudodami program\u0117l\u0119. Jums neleid\u017eiama kopijuoti ar modifikuoti program\u0117l\u0117s, jokios jos dalies ar m\u016bs\u0173 preki\u0173 \u017eenkl\u0173 jokiu b\u016bdu. Jums neleid\u017eiama bandyti i\u0161gauti program\u0117l\u0117s \u0161altinio kodo, taip pat netur\u0117tum\u0117te bandyti versti program\u0117l\u0117s \u012f kitas kalbas ar kurti i\u0161vestines versijas. Pati program\u0117l\u0117, taip pat visi preki\u0173 \u017eenklai, autori\u0173 teis\u0117s, duomen\u0173 bazi\u0173 teis\u0117s ir kitos su ja susijusios intelektin\u0117s nuosavyb\u0117s teis\u0117s vis dar priklauso SIA Qtech.<\/p>\n<p>SIA Qtech siekia u\u017etikrinti, kad program\u0117l\u0117 b\u016bt\u0173 kuo naudingesn\u0117 ir efektyvesn\u0117. D\u0117l \u0161ios prie\u017easties pasiliekame teis\u0119 bet kuriuo metu ir d\u0117l bet kokios prie\u017easties keisti program\u0117l\u0119 arba imti mokest\u012f u\u017e jos paslaugas. Mes niekada neimsime mokes\u010dio u\u017e program\u0117l\u0119 ar jos paslaugas, ai\u0161kiai jums neprane\u0161\u0119, u\u017e k\u0105 tiksliai mokate.<\/p>\n<p>Program\u0117l\u0117 Qticket saugo ir tvarko j\u016bs\u0173 pateiktus asmens duomenis, kad gal\u0117t\u0173 teikti m\u016bs\u0173 paslaug\u0105. J\u016bs esate atsakingi u\u017e savo telefono ir prieigos prie program\u0117l\u0117s saugum\u0105. Tod\u0117l rekomenduojame nepa\u0161alinti telefono programin\u0117s \u012frangos apribojim\u0173 (jailbreak) ar ne\u012fgyti administratoriaus teisi\u0173 (root), nes tai yra procesas, kuriuo pa\u0161alinami oficialios j\u016bs\u0173 \u012frenginio operacin\u0117s sistemos nustatyti apribojimai. Tai gali padaryti j\u016bs\u0173 telefon\u0105 pa\u017eeid\u017eiam\u0105 kenk\u0117ji\u0161koms programoms\/virusams\/kenksmingoms programoms, pa\u017eeisti telefono saugumo funkcijas ir reik\u0161ti, kad program\u0117l\u0117 Qticket gali neveikti tinkamai arba visai neveikti.<\/p>\n<p>Program\u0117l\u0117 naudoja tre\u010di\u0173j\u0173 \u0161ali\u0173 paslaugas, kurios deklaruoja savo s\u0105lygas ir nuostatas.<\/p>\n<p>Nuorodos \u012f tre\u010di\u0173j\u0173 \u0161ali\u0173 paslaug\u0173 teik\u0117j\u0173, kuriuos naudoja program\u0117l\u0117, s\u0105lygas ir nuostatas:<\/p>\n<div>\n<ul>\n<li><span style=\"color: #000000;\"><a style=\"color: #000000;\" href=\"https:\/\/policies.google.com\/terms?hl=lt\" target=\"_blank\" rel=\"noopener noreferrer\">Google Play Paslaugos<\/a><\/span><\/li>\n<li><span style=\"color: #000000;\"><a style=\"color: #000000;\" href=\"https:\/\/firebase.google.com\/terms\/analytics\" target=\"_blank\" rel=\"noopener noreferrer\">Google Analytics for Firebase<\/a><\/span><\/li>\n<\/ul>\n<\/div>\n<p>Tur\u0117tum\u0117te \u017einoti, kad yra tam tikr\u0173 dalyk\u0173, u\u017e kuriuos SIA Qtech neprisiima atsakomyb\u0117s. Tam tikroms program\u0117l\u0117s funkcijoms reik\u0117s, kad program\u0117l\u0117 tur\u0117t\u0173 aktyv\u0173 interneto ry\u0161\u012f. Ry\u0161ys gali b\u016bti Wi-Fi arba j\u016bs\u0173 mobiliojo ry\u0161io tiek\u0117jo, ta\u010diau SIA Qtech neprisiima atsakomyb\u0117s, jei program\u0117l\u0117 neveikia pilnai funkcionaliai, jei neturite prieigos prie Wi-Fi ar baig\u0117si j\u016bs\u0173 duomen\u0173 limitas.<\/p>\n<p>Jei naudojate program\u0117l\u0119 u\u017e Wi-Fi zonos rib\u0173, atsiminkite, kad j\u016bs\u0173 mobiliojo ry\u0161io tiek\u0117jo sutarties s\u0105lygos vis tiek galios. D\u0117l to j\u016bs\u0173 mobiliojo ry\u0161io tiek\u0117jas gali imti mokest\u012f u\u017e duomen\u0173 naudojim\u0105, kol naudojat\u0117s program\u0117le, arba u\u017e kitus tre\u010di\u0173j\u0173 \u0161ali\u0173 mokes\u010dius. Naudodamiesi program\u0117le, j\u016bs prisiimate atsakomyb\u0119 u\u017e tokius mokes\u010dius, \u012fskaitant tarptinklinio ry\u0161io mokes\u010dius, jei naudojat\u0117s program\u0117le u\u017e savo nam\u0173 teritorijos (pvz., regiono ar \u0161alies) rib\u0173, ne\u012fjung\u0119 duomen\u0173 tarptinklinio ry\u0161io i\u0161jungimo funkcijos. Jei nesate \u012frenginio, kuriuo naudojat\u0117s program\u0117le, s\u0105skaitos mok\u0117tojas, pra\u0161ome \u012fsitikinti, kad gavote s\u0105skaitos mok\u0117tojo leidim\u0105 naudoti program\u0117l\u0119.<\/p>\n<p>Pana\u0161iai SIA Qtech negali visada prisiimti atsakomyb\u0117s u\u017e tai, kaip j\u016bs naudojat\u0117s program\u0117le, t. y. jums reikia \u012fsitikinti, kad j\u016bs\u0173 \u012frenginys yra \u012fkrautas \u2013 jei jis i\u0161sikraus ir negal\u0117site jo \u012fjungti, kad naudotum\u0117t\u0117s paslauga, SIA Qtech neprisiima atsakomyb\u0117s.<\/p>\n<p>Kalbant apie SIA Qtech atsakomyb\u0119 u\u017e j\u016bs\u0173 naudojim\u0105si program\u0117le, svarbu atsiminti, kad nors mes stengiam\u0117s u\u017etikrinti, kad ji b\u016bt\u0173 atnaujinta ir teisinga vis\u0105 laik\u0105, mes pasikliaujame tre\u010diosiomis \u0161alimis, kurios mums pateikia informacij\u0105, kad gal\u0117tume j\u0105 perduoti jums. SIA Qtech neprisiima atsakomyb\u0117s u\u017e bet kokius tiesioginius ar netiesioginius nuostolius, kuriuos patiriate visi\u0161kai pasitik\u0117dami \u0161ia program\u0117l\u0117s funkcionalumu.<\/p>\n<p>Gali b\u016bti, kad mes nor\u0117sime atnaujinti program\u0117l\u0119. \u0160iuo metu program\u0117l\u0117 prieinama Android ir iOS \u2013 abiej\u0173 sistem\u0173 reikalavimai (ir bet kurios papildomos sistemos, kurioms nuspr\u0119sime i\u0161pl\u0117sti program\u0117l\u0117s prieinamum\u0105) gali keistis, ir jums reik\u0117s atsisi\u0173sti atnaujinimus, jei nor\u0117site toliau naudoti program\u0117l\u0119. SIA Qtech nesuteikia garantijos, kad visada atnaujins program\u0117l\u0119 taip, kad ji b\u016bt\u0173 tinkama jums ir\/ar veikt\u0173 su j\u016bs\u0173 \u012frenginyje \u012fdiegta Android ir iOS versija. Ta\u010diau j\u016bs pa\u017eadate visada priimti program\u0117l\u0117s atnaujinimus, kai jie jums si\u016blomi. Mes taip pat galime nor\u0117ti nutraukti program\u0117l\u0117s teikim\u0105 ir galime nutraukti jos naudojim\u0105 bet kuriuo metu, apie tai neprane\u0161\u0119. Jei nenurodysime kitaip, (a) teis\u0117s ir licencijos, suteiktos jums pagal \u0161ias s\u0105lygas, baigsis; (b) j\u016bs turite nustoti naudotis program\u0117le ir (jei reikia) i\u0161trinti j\u0105 i\u0161 savo \u012frenginio.<\/p>\n<p><strong>\u0160i\u0173 s\u0105lyg\u0173 pakeitimai<\/strong><\/p>\n<p>Mes galime retkar\u010diais atnaujinti savo s\u0105lygas ir nuostatas. Tod\u0117l jums rekomenduojama periodi\u0161kai per\u017ei\u016br\u0117ti \u0161\u012f puslap\u012f d\u0117l galim\u0173 pakeitim\u0173. Apie bet kokius pakeitimus mes prane\u0161ime, paskelbdami naujas s\u0105lygas ir nuostatas \u0161iame puslapyje. \u0160ie pakeitimai \u012fsigalioja i\u0161 karto po j\u0173 paskelbimo \u0161iame puslapyje.<\/p>\n<p><strong>Susisiekite su mumis<\/strong><\/p>\n<p>Jei turite koki\u0173 nors klausim\u0173 ar pasi\u016blym\u0173 d\u0117l m\u016bs\u0173 s\u0105lyg\u0173 ir nuostat\u0173, nedvejodami susisiekite su mumis el. pa\u0161tu <a rel=\"noopener\">info@qticket.com<\/a>.[\/vc_column_text][\/vc_column][\/vc_row]<\/p>\n","protected":false},"excerpt":{"rendered":"<p>[vc_row][vc_column][vc_column_text]Atsisi\u0173sdami arba naudodamiesi program\u0117le, automati\u0161kai sutinkate su \u0161iomis s\u0105lygomis \u2013 tod\u0117l tur\u0117tum\u0117te atid\u017eiai jas perskaityti prie\u0161 naudodami program\u0117l\u0119. Jums neleid\u017eiama [&hellip;]<\/p>\n","protected":false},"author":1,"featured_media":0,"parent":0,"menu_order":0,"comment_status":"closed","ping_status":"closed","template":"","meta":{"inline_featured_image":false},"yoast_head":"<!-- This site is optimized with the Yoast SEO plugin v15.5 - https:\/\/yoast.com\/wordpress\/plugins\/seo\/ -->\n<title>S\u0105lygos - Qticket<\/title>\n<meta name=\"robots\" content=\"index, follow, max-snippet:-1, max-image-preview:large, max-video-preview:-1\" \/>\n<link rel=\"canonical\" href=\"https:\/\/www.qticket.lt\/lt\/salygos\/\" \/>\n<meta property=\"og:locale\" content=\"lt_LT\" \/>\n<meta property=\"og:type\" content=\"article\" \/>\n<meta property=\"og:title\" content=\"S\u0105lygos - Qticket\" \/>\n<meta property=\"og:description\" content=\"[vc_row][vc_column][vc_column_text]Atsisi\u0173sdami arba naudodamiesi program\u0117le, automati\u0161kai sutinkate su \u0161iomis s\u0105lygomis \u2013 tod\u0117l tur\u0117tum\u0117te atid\u017eiai jas perskaityti prie\u0161 naudodami program\u0117l\u0119. Jums neleid\u017eiama [&hellip;]\" \/>\n<meta property=\"og:url\" content=\"https:\/\/www.qticket.lt\/lt\/salygos\/\" \/>\n<meta property=\"og:site_name\" content=\"Qticket\" \/>\n<meta property=\"article:publisher\" content=\"https:\/\/www.facebook.com\/qticketapp\/\" \/>\n<meta property=\"article:modified_time\" content=\"2024-08-19T09:05:51+00:00\" \/>\n<meta name=\"twitter:label1\" content=\"Est. reading time\">\n\t<meta name=\"twitter:data1\" content=\"3 minut\u0117s\">\n<script type=\"application\/ld+json\" class=\"yoast-schema-graph\">{\"@context\":\"https:\/\/schema.org\",\"@graph\":[{\"@type\":\"Organization\",\"@id\":\"https:\/\/www.qticket.lt\/lt\/#organization\",\"name\":\"Qticket\",\"url\":\"https:\/\/www.qticket.lt\/lt\/\",\"sameAs\":[\"https:\/\/www.facebook.com\/qticketapp\/\",\"https:\/\/www.linkedin.com\/company\/qticket\/\"],\"logo\":{\"@type\":\"ImageObject\",\"@id\":\"https:\/\/www.qticket.lt\/lt\/#logo\",\"inLanguage\":\"lt-LT\",\"url\":\"https:\/\/www.qticket.lt\/wp-content\/uploads\/2020\/04\/qticket.logo_.icon_-1.png\",\"width\":567,\"height\":567,\"caption\":\"Qticket\"},\"image\":{\"@id\":\"https:\/\/www.qticket.lt\/lt\/#logo\"}},{\"@type\":\"WebSite\",\"@id\":\"https:\/\/www.qticket.lt\/lt\/#website\",\"url\":\"https:\/\/www.qticket.lt\/lt\/\",\"name\":\"Qticket\",\"description\":\"Just another WordPress site\",\"publisher\":{\"@id\":\"https:\/\/www.qticket.lt\/lt\/#organization\"},\"potentialAction\":[{\"@type\":\"SearchAction\",\"target\":\"https:\/\/www.qticket.lt\/lt\/?s={search_term_string}\",\"query-input\":\"required name=search_term_string\"}],\"inLanguage\":\"lt-LT\"},{\"@type\":\"WebPage\",\"@id\":\"https:\/\/www.qticket.lt\/lt\/salygos\/#webpage\",\"url\":\"https:\/\/www.qticket.lt\/lt\/salygos\/\",\"name\":\"S\\u0105lygos - Qticket\",\"isPartOf\":{\"@id\":\"https:\/\/www.qticket.lt\/lt\/#website\"},\"datePublished\":\"2024-08-15T12:09:59+00:00\",\"dateModified\":\"2024-08-19T09:05:51+00:00\",\"inLanguage\":\"lt-LT\",\"potentialAction\":[{\"@type\":\"ReadAction\",\"target\":[\"https:\/\/www.qticket.lt\/lt\/salygos\/\"]}]}]}<\/script>\n<!-- \/ Yoast SEO plugin. -->","_links":{"self":[{"href":"https:\/\/www.qticket.lt\/lt\/wp-json\/wp\/v2\/pages\/11674"}],"collection":[{"href":"https:\/\/www.qticket.lt\/lt\/wp-json\/wp\/v2\/pages"}],"about":[{"href":"https:\/\/www.qticket.lt\/lt\/wp-json\/wp\/v2\/types\/page"}],"author":[{"embeddable":true,"href":"https:\/\/www.qticket.lt\/lt\/wp-json\/wp\/v2\/users\/1"}],"replies":[{"embeddable":true,"href":"https:\/\/www.qticket.lt\/lt\/wp-json\/wp\/v2\/comments?post=11674"}],"version-history":[{"count":2,"href":"https:\/\/www.qticket.lt\/lt\/wp-json\/wp\/v2\/pages\/11674\/revisions"}],"predecessor-version":[{"id":11697,"href":"https:\/\/www.qticket.lt\/lt\/wp-json\/wp\/v2\/pages\/11674\/revisions\/11697"}],"wp:attachment":[{"href":"https:\/\/www.qticket.lt\/lt\/wp-json\/wp\/v2\/media?parent=11674"}],"curies":[{"name":"wp","href":"https:\/\/api.w.org\/{rel}","templated":true}]}}